{"id":245164,"date":"2025-10-31T10:03:20","date_gmt":"2025-10-31T08:03:20","guid":{"rendered":"https:\/\/kauppa.purjelaiva.fi\/?post_type=product&#038;p=245164"},"modified":"2026-03-20T05:45:09","modified_gmt":"2026-03-20T03:45:09","slug":"lintu-hylje-safari-062026","status":"publish","type":"product","link":"https:\/\/kauppa.purjelaiva.fi\/en\/product\/lintu-hylje-safari-062026\/","title":{"rendered":"7.6.2026 Bird and seal safari"},"content":{"rendered":"<p>Lintu- ja hyljesafari alkaa Halkolaiturista yhteisell\u00e4 purjeiden nostolla. Laivan keula suunnataan s\u00e4\u00e4n mukaan it\u00e4\u00e4n tai l\u00e4nteen ja p\u00e4iv\u00e4n aikana on kelist\u00e4 riippuen my\u00f6s mahdollista pys\u00e4hty\u00e4 jaloittelemaan. Laivan tilava kansi luo loistavan alustan hylkeiden ja lintujen bongaamiseen ja kuvaamiseen ja tietysti upeiden merimaisemien ihailemiseen \ud83d\ude42 Mukaan purjehdukselle l\u00e4htee kokenut lintu- ja saaristo-opas Eero Haapanen.<\/p>\n<p>Everyone has the opportunity to participate in all sailing activities on board. During the sailing, a delicious, Baltic Sea-friendly wild fish soup lunch with desserts and coffee is served.<\/p>\n<p><span style=\"color: #264082;\"><strong>Departure: at 11 am from Halkolaituri<\/strong><\/span><br \/>\n<span style=\"color: #264082;\"><strong>Return: about at 4 pm to Halkolaituri<\/strong><\/span><\/p>\n<p>The price includes lunch with dessert, water, coffee and tea. Soft drinks can be purchased on board. The meals served on board are lactose-free.<\/p>\n<p>NOTE! <span style=\"color: #264082;\"><strong>We recommend weather-appropriate clothing<\/strong><\/span>\u00a0and comfortable shoes for sailing. If possible, bring your own life vests for kids, they are more comfortable than the ships vests.<\/p>","protected":false},"excerpt":{"rendered":"<h4><span style=\"color: #264082;\"><strong>Welcome on board to spot the archipelago wildlife!<\/strong><\/span><\/h4>","protected":false},"featured_media":243919,"template":"","meta":{"_et_pb_use_builder":"","_et_pb_old_content":"","_et_gb_content_width":""},"product_brand":[],"product_cat":[21],"product_tag":[48],"class_list":{"0":"post-245164","1":"product","2":"type-product","3":"status-publish","4":"has-post-thumbnail","6":"product_cat-yleisopurjehdukset","7":"product_tag-yleisopurjehdukset","8":"wcpa_has_options","10":"first","11":"instock","12":"virtual","13":"taxable","14":"purchasable","15":"product-type-woosg"},"_links":{"self":[{"href":"https:\/\/kauppa.purjelaiva.fi\/en\/wp-json\/wp\/v2\/product\/245164","targetHints":{"allow":["GET"]}}],"collection":[{"href":"https:\/\/kauppa.purjelaiva.fi\/en\/wp-json\/wp\/v2\/product"}],"about":[{"href":"https:\/\/kauppa.purjelaiva.fi\/en\/wp-json\/wp\/v2\/types\/product"}],"wp:featuredmedia":[{"embeddable":true,"href":"https:\/\/kauppa.purjelaiva.fi\/en\/wp-json\/wp\/v2\/media\/243919"}],"wp:attachment":[{"href":"https:\/\/kauppa.purjelaiva.fi\/en\/wp-json\/wp\/v2\/media?parent=245164"}],"wp:term":[{"taxonomy":"product_brand","embeddable":true,"href":"https:\/\/kauppa.purjelaiva.fi\/en\/wp-json\/wp\/v2\/product_brand?post=245164"},{"taxonomy":"product_cat","embeddable":true,"href":"https:\/\/kauppa.purjelaiva.fi\/en\/wp-json\/wp\/v2\/product_cat?post=245164"},{"taxonomy":"product_tag","embeddable":true,"href":"https:\/\/kauppa.purjelaiva.fi\/en\/wp-json\/wp\/v2\/product_tag?post=245164"}],"curies":[{"name":"wp","href":"https:\/\/api.w.org\/{rel}","templated":true}]}}