{"id":244935,"date":"2025-11-13T08:32:09","date_gmt":"2025-11-13T06:32:09","guid":{"rendered":"https:\/\/kauppa.purjelaiva.fi\/?post_type=product&#038;p=244935"},"modified":"2026-04-20T20:07:28","modified_gmt":"2026-04-20T17:07:28","slug":"leiri-1-26","status":"publish","type":"product","link":"https:\/\/kauppa.purjelaiva.fi\/en\/product\/leiri-1-26\/","title":{"rendered":"1.-5.6.2026 Puosun Purjelaivaleiri"},"content":{"rendered":"<p>The camp days start at 8 am in Pohjoisranta Halkolaituri and ends in the same place at 4 pm. During the day we are serving a lunch and a healthy snack.<\/p>\n<p>The program of the camp week contains sailing and exploring the nearby islands like Vasikkasaari, Vallisaari and Kuninkaansaari. One of the camp days is dedicated to Suomenlinna, where we participate in a guided children's tour. Every ship of ours is used at least once during the camp.<br \/>\nThe camp instructors are the captain of the ship and the crew members.<\/p>\n<p>The kids have their vests on when sailing. The kids can bring their own vest if they have one or they can borrow one of the ships vests.<\/p>\n<p><span style=\"color: #264082;\"><strong>The schedule<\/strong><\/span><br \/>\n8:00-8:45 Arrival on board<br \/>\n9:00 Departure from Halkolaituri<br \/>\n11:00   Lunch, playing, hiking<br \/>\n14:00   Snack<br \/>\n15:00-15:30   Arriving to Halkolaituri<br \/>\n16:00   The end of the camp day<\/p>\n<p class=\"translation-block\">NOTE! The first day starts for all kids at 8 am, when we go through the camp rules and safety issues together. On the following days, the kids can arrive to Halkolaituri between 8:00-8:45 am.<\/p>\n<p><strong><span style=\"color: #264082;\">Camping gear:<\/span><br \/>\n<\/strong>S\u00e4\u00e4nmukaiset, tuulenpit\u00e4v\u00e4t ulkovaatteet, jotka voi tarvittaessa riisua, saaressa voi olla huomattavasti l\u00e4mpim\u00e4mp\u00e4\u00e4 kuin merell\u00e4. Mukavat ulkoilukeng\u00e4t. Sades\u00e4\u00e4ll\u00e4 on hyv\u00e4 varautua vaihtovaatteilla ja kumppareilla, koska leirill\u00e4 ollaan ulkona kaikilla keleill\u00e4. P\u00e4\u00e4hine, aurinkorasva, uikkarit, pyyhe ja juomapullo. Omat veneilyliivit, jos mahdollista. Kaikki vaatteet ja varusteet on hyv\u00e4 nimikoida.<span style=\"color: #264082;\"> <strong>A separate WhatsApp group will be set up for the children's parents, which will serve as the main communication channel between the ship's staff and guardians. In the group is announced for example, the exact time of arrival at Halkolaituri, the next day's program (e.g. swimming day), and parents can also be delighted with some pictures of the camp day \ud83d\ude42<\/strong><\/span><\/p>\n<p><span style=\"color: #264082;\"><strong>Camp rules:<\/strong><\/span><\/p>\n<ul>\n<li>Listen to the captain and the crew members and follow their instructions carefully<\/li>\n<li>Keep your life vest on when on the deck as well as when the ship is at the sea<\/li>\n<li>Running on board is forbidden<\/li>\n<li>The crew gives a permission when mobile phones are allowed to be used<\/li>\n<li>Ruokailtaessa odotetaan omaa vuoroa, kun miehist\u00f6 annostelee ruoan.<\/li>\n<li>Stay in the area specified by the crew when visiting an island<\/li>\n<li>Report to the crew when arriving and leaving the camp<\/li>\n<li>Put the first layer of sun block on at home, even if the day would not look sunny<\/li>\n<li>If the child gets ill or have any symptoms of a flu, he\/she must stay at home<\/li>\n<\/ul>\n<p>Helsingin Purjelaivakonttori laittaa s\u00e4hk\u00f6postia leiril\u00e4isten vanhemmille viel\u00e4 toukokuun lopulla.<\/p>","protected":false},"excerpt":{"rendered":"<p>Hop on board and have the most fun holiday in the exciting archipelago of Helsinki!\n\nBosuns summer camp welcomes all 7-12-year-old kids to have unforgettable holiday weeks on board Astrid, Svanhild and the cannon sloop Diana! During the camp kids get to try real sailing activities, hike and play in the nearby islands, swim and enjoy the outdoor life at sea.<\/p>\n<p>Sisaruslipun voi ostaa ainoastaan Leirilipun kanssa.<\/p>","protected":false},"featured_media":240385,"template":"","meta":{"_et_pb_use_builder":"","_et_pb_old_content":"","_et_gb_content_width":""},"product_brand":[],"product_cat":[27],"product_tag":[47],"class_list":{"0":"post-244935","1":"product","2":"type-product","3":"status-publish","4":"has-post-thumbnail","6":"product_cat-kesaleirit","7":"product_tag-kesaleirit","8":"wcpa_has_options","10":"first","11":"instock","12":"taxable","13":"shipping-taxable","14":"purchasable","15":"product-type-variable"},"_links":{"self":[{"href":"https:\/\/kauppa.purjelaiva.fi\/en\/wp-json\/wp\/v2\/product\/244935","targetHints":{"allow":["GET"]}}],"collection":[{"href":"https:\/\/kauppa.purjelaiva.fi\/en\/wp-json\/wp\/v2\/product"}],"about":[{"href":"https:\/\/kauppa.purjelaiva.fi\/en\/wp-json\/wp\/v2\/types\/product"}],"wp:featuredmedia":[{"embeddable":true,"href":"https:\/\/kauppa.purjelaiva.fi\/en\/wp-json\/wp\/v2\/media\/240385"}],"wp:attachment":[{"href":"https:\/\/kauppa.purjelaiva.fi\/en\/wp-json\/wp\/v2\/media?parent=244935"}],"wp:term":[{"taxonomy":"product_brand","embeddable":true,"href":"https:\/\/kauppa.purjelaiva.fi\/en\/wp-json\/wp\/v2\/product_brand?post=244935"},{"taxonomy":"product_cat","embeddable":true,"href":"https:\/\/kauppa.purjelaiva.fi\/en\/wp-json\/wp\/v2\/product_cat?post=244935"},{"taxonomy":"product_tag","embeddable":true,"href":"https:\/\/kauppa.purjelaiva.fi\/en\/wp-json\/wp\/v2\/product_tag?post=244935"}],"curies":[{"name":"wp","href":"https:\/\/api.w.org\/{rel}","templated":true}]}}