{"id":244192,"date":"2025-11-06T10:15:03","date_gmt":"2025-11-06T08:15:03","guid":{"rendered":"https:\/\/kauppa.purjelaiva.fi\/?post_type=product&#038;p=244192"},"modified":"2026-04-07T12:55:58","modified_gmt":"2026-04-07T09:55:58","slug":"telakkapaivat","status":"publish","type":"product","link":"https:\/\/kauppa.purjelaiva.fi\/en\/product\/telakkapaivat\/","title":{"rendered":"1.2.-26.4. Telakkap\u00e4iv\u00e4t Suokissa"},"content":{"rendered":"<h3><span style=\"color: #264082;\"><strong>Spend a day at the Viapori shipyard!<\/strong><\/span><\/h3>\n<p>There is plenty to see and experience in Suomenlinna every day of the year, as the landscape and atmosphere change with the seasons. The Viapori shipyard located on Susisaari Island in Suomenlinna is in use all year round, but as it is a construction site, it is not possible to get there on your own. Now is a unique opportunity to get to know this treasure hidden inside the island, which is the oldest in Finland and one of the oldest still operating dockyards in the world.<\/p>\n<p>During the day, you will hear about the current operations of the historic Viapori shipyard, learn about the restoration of traditional wooden coastal cargo ships, and get to see docked sailing ships such as the Helena and Astrid.<\/p>\n<ul>\n<li>Suomenlinna can be reached by HSL ferry, you can find the timetables here: <span style=\"color: #264082;\"><a style=\"color: #264082;\" href=\"https:\/\/www.hsl.fi\/\">https:\/\/www.hsl.fi\/<\/a><\/span><\/li>\n<li>You cannot come to the shipyard area on your own, so we will meet at the gates of the Viapori shipyard  at 11 am. You can find the place by crossing the Susisaari bridge.<\/li>\n<li>The day ends about at 1:30 pm<\/li>\n<\/ul>\n<p>The price includes a guided tour as well as coffee and buns. Ferry tickets are not included. Please bring warm outdoor clothing and shoes for your day at the dock. <strong><span style=\"color: #264082;\">Combine a day at the shipyard with a visit to the Suomenlinna Museum!<\/span><\/strong> <span style=\"color: #264082;\"><a style=\"color: #264082;\" href=\"https:\/\/suomenlinnatours.com\/meista\/\" target=\"_blank\" rel=\"noopener\">Ehrensv\u00e4rd Society<\/a> <\/span>The association offers all participants a visit to the Suomenlinna Museum for the price of a child's ticket of \u20ac5. At the Suomenlinna Museum, you can get to know the entire history of Suomenlinna in a nutshell. The benefit can be redeemed at the Suomenlinna Museum by showing your order confirmation of the shipyard tour.<\/p>","protected":false},"excerpt":{"rendered":"<h3><span style=\"color: #264082;\"><strong>Welcome to explore traditional sailing shipbuilding at the Viapori shipyard, Suomenlinna!<\/strong><\/span><\/h3>\n<p>Viel\u00e4 ehtii telakkavierailulle ennen purjehduskauden aloitusta!<\/p>","protected":false},"featured_media":244194,"template":"","meta":{"_et_pb_use_builder":"off","_et_pb_old_content":"<h3><span style=\"color: #264082\"><strong>Viet\u00e4 p\u00e4iv\u00e4 Suokin telakalla!<\/strong><\/span><\/h3>\r\nSuomenlinnassa riitt\u00e4\u00e4 n\u00e4ht\u00e4v\u00e4\u00e4 ja koettavaa vuoden jokaisena p\u00e4iv\u00e4n\u00e4, kun maisema ja tunnelma muuttuvat vuodenaikojen mukaan. Suomenlinnan Susisaaressa sijaitseva Viaporin telakka on ymp\u00e4rivuotisessa k\u00e4yt\u00f6ss\u00e4, mutta sen ollessa ty\u00f6maa-aluetta, ei sinne ihan omin p\u00e4in p\u00e4\u00e4sek\u00e4\u00e4n.\r\n\r\nNyt onkin ainutlaatuinen tilaisuus p\u00e4\u00e4st\u00e4 tutustumaan t\u00e4h\u00e4n saaren sis\u00e4\u00e4n k\u00e4tkettyyn aarteeseen, joka on Suomen vanhin ja yksi maailman vanhimmista edelleen toimivista allastelakoista.\r\n\r\nOpastetun telakkakierroksen lis\u00e4ksi tutustutaan Purjelaivakonttorin uusimpaan projektiin, Kaljaasi Helenaan. Helena on yksi viimeisist\u00e4 1940-luvun lopulla rakennetuista rannikkorahtialuksista, joista on viel\u00e4 l\u00f6ydett\u00e4viss\u00e4 paljon alkuper\u00e4isi\u00e4, s\u00e4ilytt\u00e4misen arvoisia yksityiskohtia. Kaljaasi Helenan kunnostusty\u00f6 on jo aloitettu ja se toteutetaan perinteisin menetelmin, laivan historiaa ja alkuper\u00e4ist\u00e4 k\u00e4ytt\u00f6tarkoitusta kunnioittaen.\r\n\r\nSuokkip\u00e4iv\u00e4n aikana kuullaan historiallisen Viaporin telakan nykytoiminnasta, tutustutaan puisten rannikkorahtilaivojen kunnostukseen, Helena-projektiin ja aluksen tulevaisuuden suunnitelmiin.\r\n\r\n<strong><span style=\"color: #33cccc\"><span style=\"color: #264082\">Telakkap\u00e4ivien aikataulut<\/span>\r\n<\/span><\/strong>\r\n<ul>\r\n \t<li>Suomenlinnaan saavutaan HSL:n lautalla, aikataulut l\u00f6yd\u00e4t t\u00e4\u00e4lt\u00e4: <span style=\"color: #264082\"><a style=\"color: #264082\" href=\"https:\/\/www.hsl.fi\/\">https:\/\/www.hsl.fi\/<\/a><\/span><\/li>\r\n \t<li>Telakka-alueelle ei voi tulla omatoimisesti, joten kokoonnumme Viaporin telakka ry:n porteilla klo 10:30. Paikalle l\u00f6yd\u00e4t ylitt\u00e4m\u00e4ll\u00e4 Susisaaren sillan.<\/li>\r\n \t<li>Telakkap\u00e4iv\u00e4 p\u00e4\u00e4ttyy noin klo 13:00<\/li>\r\n<\/ul>\r\nTelakkap\u00e4iv\u00e4n hintaan sis\u00e4ltyy opastetun kierroksen lis\u00e4ksi pullakahvit. Lauttaliput eiv\u00e4t sis\u00e4lly opastetun kierroksen hintaan. Tapahtumassa noudatetaan Purjelaivakonttorin yleis\u00f6purjehdusehtoja. Varustauduthan telakkap\u00e4iv\u00e4\u00e4n l\u00e4mpim\u00e4ll\u00e4 ulkoiluvaatetuksella ja -kengill\u00e4.\r\n\r\n<strong><span style=\"color: #264082\">Yhdist\u00e4 Telakkap\u00e4iv\u00e4\u00e4n vierailu Suomenlinna-museossa!<\/span><\/strong>\r\n<span style=\"color: #264082\"><a style=\"color: #264082\" href=\"https:\/\/suomenlinnatours.com\/meista\/\" target=\"_blank\" rel=\"noopener\">Ehrensv\u00e4rd-seura<\/a> <\/span>tarjoaa kaikille Telakkap\u00e4iv\u00e4\u00e4n osallistuneille vierailun Suomenlinna-museossa hintaan 4 \u20ac (norm. 9 \u20ac). Suomenlinna-museossa voi p\u00e4hkin\u00e4nkuoressa tutustua koko Suomenlinnan historiaan n\u00e4yttelyn ja siell\u00e4 esitett\u00e4v\u00e4n filmin avulla. Edun voi lunastaa Suomenlinna-museossa n\u00e4ytt\u00e4m\u00e4ll\u00e4 Telakkap\u00e4iv\u00e4n tilausvahvistusta.","_et_gb_content_width":""},"product_brand":[],"product_cat":[21],"product_tag":[48],"class_list":{"0":"post-244192","1":"product","2":"type-product","3":"status-publish","4":"has-post-thumbnail","6":"product_cat-yleisopurjehdukset","7":"product_tag-yleisopurjehdukset","8":"wcpa_has_options","10":"first","11":"instock","12":"virtual","13":"taxable","14":"purchasable","15":"product-type-woosg"},"_links":{"self":[{"href":"https:\/\/kauppa.purjelaiva.fi\/en\/wp-json\/wp\/v2\/product\/244192","targetHints":{"allow":["GET"]}}],"collection":[{"href":"https:\/\/kauppa.purjelaiva.fi\/en\/wp-json\/wp\/v2\/product"}],"about":[{"href":"https:\/\/kauppa.purjelaiva.fi\/en\/wp-json\/wp\/v2\/types\/product"}],"wp:featuredmedia":[{"embeddable":true,"href":"https:\/\/kauppa.purjelaiva.fi\/en\/wp-json\/wp\/v2\/media\/244194"}],"wp:attachment":[{"href":"https:\/\/kauppa.purjelaiva.fi\/en\/wp-json\/wp\/v2\/media?parent=244192"}],"wp:term":[{"taxonomy":"product_brand","embeddable":true,"href":"https:\/\/kauppa.purjelaiva.fi\/en\/wp-json\/wp\/v2\/product_brand?post=244192"},{"taxonomy":"product_cat","embeddable":true,"href":"https:\/\/kauppa.purjelaiva.fi\/en\/wp-json\/wp\/v2\/product_cat?post=244192"},{"taxonomy":"product_tag","embeddable":true,"href":"https:\/\/kauppa.purjelaiva.fi\/en\/wp-json\/wp\/v2\/product_tag?post=244192"}],"curies":[{"name":"wp","href":"https:\/\/api.w.org\/{rel}","templated":true}]}}