{"id":17831,"date":"2020-06-18T11:12:41","date_gmt":"2020-06-18T11:12:41","guid":{"rendered":"http:\/\/tiimi2020.fi\/index.php\/kauppa\/"},"modified":"2026-02-16T09:05:37","modified_gmt":"2026-02-16T07:05:37","slug":"kauppa","status":"publish","type":"page","link":"https:\/\/kauppa.purjelaiva.fi\/en\/","title":{"rendered":"Trade \/ sailing ship"},"content":{"rendered":"<p>[et_pb_section fb_built=&#8221;1&#8243; _builder_version=&#8221;4.16&#8243; background_color=&#8221;rgba(0,0,0,0)&#8221; custom_margin=&#8221;-14px|||||&#8221; custom_padding=&#8221;||100px|||&#8221; global_colors_info=&#8221;{}&#8221;][et_pb_row _builder_version=&#8221;4.27.5&#8243; _module_preset=&#8221;default&#8221; min_height=&#8221;127px&#8221; global_colors_info=&#8221;{}&#8221;][et_pb_column type=&#8221;4_4&#8243; _builder_version=&#8221;4.27.5&#8243; _module_preset=&#8221;default&#8221; global_colors_info=&#8221;{}&#8221;][et_pb_heading title=&#8221;Purjelaivakonttorin verkkokauppa&#8221; _builder_version=&#8221;4.27.5&#8243; _module_preset=&#8221;default&#8221; title_font=&#8221;Abril Fatface||||||||&#8221; title_text_align=&#8221;center&#8221; global_colors_info=&#8221;{}&#8221;][\/et_pb_heading][et_pb_text _builder_version=&#8221;4.27.5&#8243; _module_preset=&#8221;default&#8221; global_colors_info=&#8221;{}&#8221;]<\/p>\n<p style=\"text-align: center;\"><span>Purjelaivakonttorin yleis\u00f6purjehdukset ovat mainio tapa p\u00e4\u00e4st\u00e4 nauttimaan aidosta menneen ajan merimiestunnelmasta ja maailman kauneimmasta saaristosta! Kuvakkeita klikkaamalla p\u00e4\u00e4set tutustumaan eri purjehduskategorioiden tuotteisiin.<\/span><\/p>\n<p style=\"text-align: center;\"><strong>Tervetuloa purjehtimaan kanssamme!<\/strong><\/p>\n<p>[\/et_pb_text][\/et_pb_column][\/et_pb_row][et_pb_row column_structure=&#8221;1_3,1_3,1_3&#8243; _builder_version=&#8221;4.27.5&#8243; _module_preset=&#8221;default&#8221; global_colors_info=&#8221;{}&#8221;][et_pb_column type=&#8221;1_3&#8243; _builder_version=&#8221;4.27.5&#8243; _module_preset=&#8221;default&#8221; global_colors_info=&#8221;{}&#8221;][et_pb_blurb title=&#8221;YLEIS\u00d6PURJEHDUKSET JA MUUT TAPAHTUMAT&#8221; url=&#8221;https:\/\/kauppa.purjelaiva.fi\/tuote-osasto\/yleisopurjehdukset\/&#8221; image=&#8221;https:\/\/kauppa.purjelaiva.fi\/wp-content\/uploads\/2026\/02\/Yleisopurjehdukset-1.avif&#8221; _builder_version=&#8221;4.27.5&#8243; _module_preset=&#8221;default&#8221; header_level=&#8221;h2&#8243; header_font=&#8221;Abril Fatface||||||||&#8221; header_text_align=&#8221;center&#8221; custom_padding=&#8221;||0px|||&#8221; link_option_url=&#8221;https:\/\/kauppa.purjelaiva.fi\/tuote-osasto\/yleisopurjehdukset\/&#8221; global_colors_info=&#8221;{}&#8221;]<\/p>\n<p style=\"text-align: center;\"><span>Yleis\u00f6purjehdukset ovat 4-6 tunnin purjehdusretki\u00e4 Helsingin saaristossa tai useamman p\u00e4iv\u00e4n mittaisia lomapurjehduksia Suomenlahdella ja Saaristomerell\u00e4.<\/span><\/p>\n<p>[\/et_pb_blurb][\/et_pb_column][et_pb_column type=&#8221;1_3&#8243; _builder_version=&#8221;4.27.5&#8243; _module_preset=&#8221;default&#8221; global_colors_info=&#8221;{}&#8221;][et_pb_blurb title=&#8221;KES\u00c4LEIRIT&#8221; url=&#8221;https:\/\/kauppa.purjelaiva.fi\/tuote-osasto\/kesaleirit\/&#8221; image=&#8221;https:\/\/kauppa.purjelaiva.fi\/wp-content\/uploads\/2026\/02\/Kesaleirit.avif&#8221; _builder_version=&#8221;4.27.5&#8243; _module_preset=&#8221;default&#8221; header_level=&#8221;h2&#8243; header_font=&#8221;Abril Fatface||||||||&#8221; header_text_align=&#8221;center&#8221; link_option_url=&#8221;https:\/\/kauppa.purjelaiva.fi\/tuote-osasto\/kesaleirit\/&#8221; global_colors_info=&#8221;{}&#8221;]<\/p>\n<p style=\"text-align: center;\"><span>Lasten hauskimmat lomaviikot vietet\u00e4\u00e4n Puosun Purjelaivaleirill\u00e4 Helsingin l\u00e4hisaaristossa purjehtien ja retkeillen!<\/span><\/p>\n<p>[\/et_pb_blurb][\/et_pb_column][et_pb_column type=&#8221;1_3&#8243; _builder_version=&#8221;4.27.5&#8243; _module_preset=&#8221;default&#8221; global_colors_info=&#8221;{}&#8221;][et_pb_blurb title=&#8221;NUORISOPURJEHDUKSET&#8221; url=&#8221;https:\/\/kauppa.purjelaiva.fi\/tuote-osasto\/nuorisopurjehdukset\/&#8221; image=&#8221;https:\/\/kauppa.purjelaiva.fi\/wp-content\/uploads\/2026\/02\/Nuorisopurjehdukset.avif&#8221; _builder_version=&#8221;4.27.5&#8243; _module_preset=&#8221;default&#8221; header_level=&#8221;h2&#8243; header_font=&#8221;Abril Fatface||||||||&#8221; header_text_align=&#8221;center&#8221; link_option_url=&#8221;https:\/\/kauppa.purjelaiva.fi\/tuote-osasto\/nuorisopurjehdukset\/&#8221; global_colors_info=&#8221;{}&#8221;]<\/p>\n<p style=\"text-align: center;\"><span>Nuorille suunnattujen seikkailupurjehdusten tarkoituksena ei ole vain oppia purjehtimaan vaan oppia el\u00e4m\u00e4\u00e4 purjehtimalla, yhdess\u00e4 tehden ja v\u00e4lill\u00e4 haastavissakin olosuhteissa.<\/span><\/p>\n<p>[\/et_pb_blurb][\/et_pb_column][\/et_pb_row][\/et_pb_section]<\/p>\n","protected":false},"excerpt":{"rendered":"<p>Purjelaivakonttorin yleis\u00f6purjehdukset ovat mainio tapa p\u00e4\u00e4st\u00e4 nauttimaan aidosta menneen ajan merimiestunnelmasta ja maailman kauneimmasta saaristosta! Kuvakkeita klikkaamalla p\u00e4\u00e4set tutustumaan eri purjehduskategorioiden tuotteisiin. Tervetuloa purjehtimaan kanssamme!Yleis\u00f6purjehdukset ovat 4-6 tunnin purjehdusretki\u00e4 Helsingin saaristossa tai useamman p\u00e4iv\u00e4n mittaisia lomapurjehduksia Suomenlahdella ja Saaristomerell\u00e4.Lasten hauskimmat lomaviikot vietet\u00e4\u00e4n Puosun Purjelaivaleirill\u00e4 Helsingin l\u00e4hisaaristossa purjehtien ja retkeillen!Nuorille suunnattujen seikkailupurjehdusten tarkoituksena ei ole vain [&hellip;]<\/p>\n","protected":false},"author":1,"featured_media":0,"parent":0,"menu_order":0,"comment_status":"closed","ping_status":"closed","template":"","meta":{"_et_pb_use_builder":"on","_et_pb_old_content":"","_et_gb_content_width":"","footnotes":""},"class_list":["post-17831","page","type-page","status-publish","hentry"],"_links":{"self":[{"href":"https:\/\/kauppa.purjelaiva.fi\/en\/wp-json\/wp\/v2\/pages\/17831","targetHints":{"allow":["GET"]}}],"collection":[{"href":"https:\/\/kauppa.purjelaiva.fi\/en\/wp-json\/wp\/v2\/pages"}],"about":[{"href":"https:\/\/kauppa.purjelaiva.fi\/en\/wp-json\/wp\/v2\/types\/page"}],"author":[{"embeddable":true,"href":"https:\/\/kauppa.purjelaiva.fi\/en\/wp-json\/wp\/v2\/users\/1"}],"replies":[{"embeddable":true,"href":"https:\/\/kauppa.purjelaiva.fi\/en\/wp-json\/wp\/v2\/comments?post=17831"}],"version-history":[{"count":38,"href":"https:\/\/kauppa.purjelaiva.fi\/en\/wp-json\/wp\/v2\/pages\/17831\/revisions"}],"predecessor-version":[{"id":245117,"href":"https:\/\/kauppa.purjelaiva.fi\/en\/wp-json\/wp\/v2\/pages\/17831\/revisions\/245117"}],"wp:attachment":[{"href":"https:\/\/kauppa.purjelaiva.fi\/en\/wp-json\/wp\/v2\/media?parent=17831"}],"curies":[{"name":"wp","href":"https:\/\/api.w.org\/{rel}","templated":true}]}}